{"id":69,"date":"2014-07-29T15:57:27","date_gmt":"2014-07-29T15:57:27","guid":{"rendered":"http:\/\/traenkhof-kapelle.de\/?page_id=69"},"modified":"2017-09-29T12:10:09","modified_gmt":"2017-09-29T12:10:09","slug":"bildergalerie-2","status":"publish","type":"page","link":"http:\/\/traenkhof-kapelle.de\/index.php\/bildergalerie-2\/","title":{"rendered":"Die Gem\u00e4lde des Sebastian Pfeffer"},"content":{"rendered":"<h3>Durch das gro\u00dfe Engagement und die pers\u00f6nlichen Kontakte unseres Ehrenmitgliedes Egon Bott, konnten wir im Jahre 2009 den namhaften akademischen Bildhauer, Fresco- und L\u00fcftlmaler Sebastian Pfeffer f\u00fcr die Erstellung eines herrlichen Fassadengem\u00e4ldes \u00fcber der Eingangst\u00fcr unserer Kapelle gewinnen. Des Weiteren fertigte der K\u00fcnstler noch vier Deckengem\u00e4lde an, welche seit Herbst 2011 die St.-Josefs-Kapelle optisch bereichern.<\/h3>\n<h3>Der Name &#8222;L\u00fcftlmalerei&#8220; leitet sich vom Hausnamen der Familie Franz Seraph Zwinck aus Oberammergau ab. Man nannte diese Familie landl\u00e4ufig &#8222;zum L\u00fcftl&#8220;. Zwinck lebte von 1748 &#8211; 1792 und verzierte zahlreiche Fassaden mit seiner Kunst in Frescotechnik. Dabei werden Bilder auf frischen Kalkputz aufgetragen, so da\u00df die Farben tief in den noch feuchten M\u00f6rtel eindringen und die Gem\u00e4lde lange Zeit \u00fcberdauern k\u00f6nnen.<\/h3>\n<h3>Sebastian Pfeffer (*1937) aus Mittenwald eignete sich diese Kunst an uns schuf im Laufe seiner Hauptschaffenszeit zahllose Fassaden in S\u00fcdbayern, Tirol, Italien und dar\u00fcber hinaus. Auch wurden von ihm Kirchen und \u00f6ffentliche Geb\u00e4ude in beispielhafter Manier bemalt.<\/h3>\n\n\t\t<style type=\"text\/css\">\n\t\t\t#gallery-1 {\n\t\t\t\tmargin: auto;\n\t\t\t}\n\t\t\t#gallery-1 .gallery-item {\n\t\t\t\tfloat: left;\n\t\t\t\tmargin-top: 10px;\n\t\t\t\ttext-align: center;\n\t\t\t\twidth: 50%;\n\t\t\t}\n\t\t\t#gallery-1 img {\n\t\t\t\tborder: 2px solid #cfcfcf;\n\t\t\t}\n\t\t\t#gallery-1 .gallery-caption {\n\t\t\t\tmargin-left: 0;\n\t\t\t}\n\t\t\t\/* see gallery_shortcode() in wp-includes\/media.php *\/\n\t\t<\/style>\n\t\t<div id='gallery-1' class='gallery galleryid-69 gallery-columns-2 gallery-size-medium'><dl class='gallery-item'>\n\t\t\t<dt class='gallery-icon portrait'>\n\t\t\t\t<a href='http:\/\/traenkhof-kapelle.de\/index.php\/bildergalerie-2\/a4_img_7428_bearb\/'><img loading=\"lazy\" decoding=\"async\" width=\"200\" height=\"300\" src=\"http:\/\/traenkhof-kapelle.de\/wp-content\/uploads\/2014\/07\/A4_IMG_7428_bearb-200x300.jpg\" class=\"attachment-medium size-medium\" alt=\"\" aria-describedby=\"gallery-1-1284\" srcset=\"http:\/\/traenkhof-kapelle.de\/wp-content\/uploads\/2014\/07\/A4_IMG_7428_bearb-200x300.jpg 200w, http:\/\/traenkhof-kapelle.de\/wp-content\/uploads\/2014\/07\/A4_IMG_7428_bearb-768x1152.jpg 768w, http:\/\/traenkhof-kapelle.de\/wp-content\/uploads\/2014\/07\/A4_IMG_7428_bearb-683x1024.jpg 683w, http:\/\/traenkhof-kapelle.de\/wp-content\/uploads\/2014\/07\/A4_IMG_7428_bearb-600x900.jpg 600w, http:\/\/traenkhof-kapelle.de\/wp-content\/uploads\/2014\/07\/A4_IMG_7428_bearb.jpg 1963w\" sizes=\"auto, (max-width: 200px) 100vw, 200px\" \/><\/a>\n\t\t\t<\/dt>\n\t\t\t\t<dd class='wp-caption-text gallery-caption' id='gallery-1-1284'>\n\t\t\t\tEin Engel erscheint Josef im Traum\n\t\t\t\t<\/dd><\/dl><dl class='gallery-item'>\n\t\t\t<dt class='gallery-icon portrait'>\n\t\t\t\t<a href='http:\/\/traenkhof-kapelle.de\/index.php\/bildergalerie-2\/img_7437\/'><img loading=\"lazy\" decoding=\"async\" width=\"200\" height=\"300\" src=\"http:\/\/traenkhof-kapelle.de\/wp-content\/uploads\/2014\/07\/IMG_7437-200x300.jpg\" class=\"attachment-medium size-medium\" alt=\"\" aria-describedby=\"gallery-1-1288\" srcset=\"http:\/\/traenkhof-kapelle.de\/wp-content\/uploads\/2014\/07\/IMG_7437-200x300.jpg 200w, http:\/\/traenkhof-kapelle.de\/wp-content\/uploads\/2014\/07\/IMG_7437-768x1152.jpg 768w, http:\/\/traenkhof-kapelle.de\/wp-content\/uploads\/2014\/07\/IMG_7437-683x1024.jpg 683w, http:\/\/traenkhof-kapelle.de\/wp-content\/uploads\/2014\/07\/IMG_7437-600x900.jpg 600w, http:\/\/traenkhof-kapelle.de\/wp-content\/uploads\/2014\/07\/IMG_7437.jpg 2048w\" sizes=\"auto, (max-width: 200px) 100vw, 200px\" \/><\/a>\n\t\t\t<\/dt>\n\t\t\t\t<dd class='wp-caption-text gallery-caption' id='gallery-1-1288'>\n\t\t\t\tFlucht nach \u00c4gypten\n\t\t\t\t<\/dd><\/dl><br style=\"clear: both\" \/><dl class='gallery-item'>\n\t\t\t<dt class='gallery-icon portrait'>\n\t\t\t\t<a href='http:\/\/traenkhof-kapelle.de\/index.php\/bildergalerie-2\/a4_img_7423_bearb\/'><img loading=\"lazy\" decoding=\"async\" width=\"201\" height=\"300\" src=\"http:\/\/traenkhof-kapelle.de\/wp-content\/uploads\/2014\/07\/A4_IMG_7423_bearb-201x300.jpg\" class=\"attachment-medium size-medium\" alt=\"\" aria-describedby=\"gallery-1-1283\" srcset=\"http:\/\/traenkhof-kapelle.de\/wp-content\/uploads\/2014\/07\/A4_IMG_7423_bearb-201x300.jpg 201w, http:\/\/traenkhof-kapelle.de\/wp-content\/uploads\/2014\/07\/A4_IMG_7423_bearb-768x1149.jpg 768w, http:\/\/traenkhof-kapelle.de\/wp-content\/uploads\/2014\/07\/A4_IMG_7423_bearb-685x1024.jpg 685w, http:\/\/traenkhof-kapelle.de\/wp-content\/uploads\/2014\/07\/A4_IMG_7423_bearb-600x897.jpg 600w, http:\/\/traenkhof-kapelle.de\/wp-content\/uploads\/2014\/07\/A4_IMG_7423_bearb.jpg 2002w\" sizes=\"auto, (max-width: 201px) 100vw, 201px\" \/><\/a>\n\t\t\t<\/dt>\n\t\t\t\t<dd class='wp-caption-text gallery-caption' id='gallery-1-1283'>\n\t\t\t\tSteuerz\u00e4hlung in Betlehem\n\t\t\t\t<\/dd><\/dl><dl class='gallery-item'>\n\t\t\t<dt class='gallery-icon portrait'>\n\t\t\t\t<a href='http:\/\/traenkhof-kapelle.de\/index.php\/bildergalerie-2\/img_7442\/'><img loading=\"lazy\" decoding=\"async\" width=\"200\" height=\"300\" src=\"http:\/\/traenkhof-kapelle.de\/wp-content\/uploads\/2014\/07\/IMG_7442-200x300.jpg\" class=\"attachment-medium size-medium\" alt=\"\" aria-describedby=\"gallery-1-1289\" srcset=\"http:\/\/traenkhof-kapelle.de\/wp-content\/uploads\/2014\/07\/IMG_7442-200x300.jpg 200w, http:\/\/traenkhof-kapelle.de\/wp-content\/uploads\/2014\/07\/IMG_7442-768x1152.jpg 768w, http:\/\/traenkhof-kapelle.de\/wp-content\/uploads\/2014\/07\/IMG_7442-683x1024.jpg 683w, http:\/\/traenkhof-kapelle.de\/wp-content\/uploads\/2014\/07\/IMG_7442-600x900.jpg 600w, http:\/\/traenkhof-kapelle.de\/wp-content\/uploads\/2014\/07\/IMG_7442.jpg 2048w\" sizes=\"auto, (max-width: 200px) 100vw, 200px\" \/><\/a>\n\t\t\t<\/dt>\n\t\t\t\t<dd class='wp-caption-text gallery-caption' id='gallery-1-1289'>\n\t\t\t\tDer Tod Josefs\n\t\t\t\t<\/dd><\/dl><br style=\"clear: both\" \/>\n\t\t<\/div>\n\n<h3><\/h3>\n<p>&nbsp;<\/p>\n<p>&nbsp;<\/p>\n","protected":false},"excerpt":{"rendered":"<p>Durch das gro\u00dfe Engagement und die pers\u00f6nlichen Kontakte unseres Ehrenmitgliedes Egon Bott, konnten wir im Jahre 2009 den namhaften akademischen Bildhauer, Fresco- und L\u00fcftlmaler Sebastian Pfeffer f\u00fcr die Erstellung eines herrlichen Fassadengem\u00e4ldes \u00fcber der Eingangst\u00fcr unserer Kapelle gewinnen. Des Weiteren fertigte der K\u00fcnstler noch vier Deckengem\u00e4lde an, welche seit Herbst 2011 die St.-Josefs-Kapelle optisch bereichern. Der Name &#8222;L\u00fcftlmalerei&#8220; leitet sich<br \/><span class=\"read_more\"><a href=\"http:\/\/traenkhof-kapelle.de\/index.php\/bildergalerie-2\/\">Read more&#8230;<\/a><\/span><\/p>\n","protected":false},"author":1,"featured_media":0,"parent":0,"menu_order":0,"comment_status":"closed","ping_status":"closed","template":"","meta":{"_bbp_topic_count":0,"_bbp_reply_count":0,"_bbp_total_topic_count":0,"_bbp_total_reply_count":0,"_bbp_voice_count":0,"_bbp_anonymous_reply_count":0,"_bbp_topic_count_hidden":0,"_bbp_reply_count_hidden":0,"_bbp_forum_subforum_count":0,"footnotes":""},"class_list":["post-69","page","type-page","status-publish","hentry"],"jetpack_sharing_enabled":true,"_links":{"self":[{"href":"http:\/\/traenkhof-kapelle.de\/index.php\/wp-json\/wp\/v2\/pages\/69","targetHints":{"allow":["GET"]}}],"collection":[{"href":"http:\/\/traenkhof-kapelle.de\/index.php\/wp-json\/wp\/v2\/pages"}],"about":[{"href":"http:\/\/traenkhof-kapelle.de\/index.php\/wp-json\/wp\/v2\/types\/page"}],"author":[{"embeddable":true,"href":"http:\/\/traenkhof-kapelle.de\/index.php\/wp-json\/wp\/v2\/users\/1"}],"replies":[{"embeddable":true,"href":"http:\/\/traenkhof-kapelle.de\/index.php\/wp-json\/wp\/v2\/comments?post=69"}],"version-history":[{"count":0,"href":"http:\/\/traenkhof-kapelle.de\/index.php\/wp-json\/wp\/v2\/pages\/69\/revisions"}],"wp:attachment":[{"href":"http:\/\/traenkhof-kapelle.de\/index.php\/wp-json\/wp\/v2\/media?parent=69"}],"curies":[{"name":"wp","href":"https:\/\/api.w.org\/{rel}","templated":true}]}}